{"id":80,"date":"2026-04-05T08:30:20","date_gmt":"2026-04-05T08:30:20","guid":{"rendered":"https:\/\/hatn.io.vn\/?page_id=80"},"modified":"2026-04-05T08:30:21","modified_gmt":"2026-04-05T08:30:21","slug":"gioi-thieu","status":"publish","type":"page","link":"https:\/\/hatn.io.vn\/?page_id=80","title":{"rendered":"Gi\u1edbi thi\u1ec7u"},"content":{"rendered":"\n<hr class=\"wp-block-separator has-alpha-channel-opacity\"\/>\n\n\n\n<h2 class=\"wp-block-heading has-hanken-grotesk-font-family\">Ch\u00e0o m\u1eebng b\u1ea1n \u0111\u1ebfn v\u1edbi HATIN!<\/h2>\n\n\n\n<figure class=\"wp-block-image aligncenter size-full is-resized\"><img loading=\"lazy\" decoding=\"async\" width=\"500\" height=\"500\" src=\"https:\/\/hatn.io.vn\/wp-content\/uploads\/2026\/04\/z7575147280868_22848757c698aab4bea057b9342ee80b.jpg\" alt=\"\" class=\"wp-image-81\" style=\"width:556px;height:auto\" srcset=\"https:\/\/hatn.io.vn\/wp-content\/uploads\/2026\/04\/z7575147280868_22848757c698aab4bea057b9342ee80b.jpg 500w, https:\/\/hatn.io.vn\/wp-content\/uploads\/2026\/04\/z7575147280868_22848757c698aab4bea057b9342ee80b-300x300.jpg 300w, https:\/\/hatn.io.vn\/wp-content\/uploads\/2026\/04\/z7575147280868_22848757c698aab4bea057b9342ee80b-150x150.jpg 150w, https:\/\/hatn.io.vn\/wp-content\/uploads\/2026\/04\/z7575147280868_22848757c698aab4bea057b9342ee80b-100x100.jpg 100w\" sizes=\"auto, (max-width: 500px) 100vw, 500px\" \/><\/figure>\n\n\n\n<p>Kh\u1edfi ngu\u1ed3n t\u1eeb ni\u1ec1m \u0111am m\u00ea v\u1edbi th\u1eddi trang \u0111\u01b0\u1eddng ph\u1ed1 v\u00e0 kh\u00e1t khao mang \u0111\u1ebfn nh\u1eefng ph\u1ee5 ki\u1ec7n gi\u00fap ng\u01b0\u1eddi tr\u1ebb t\u1ef1 do b\u1ee9t ph\u00e1, <strong>HATIN<\/strong> ra \u0111\u1eddi kh\u00f4ng ch\u1ec9 nh\u01b0 m\u1ed9t th\u01b0\u01a1ng hi\u1ec7u b\u00e1n m\u0169, m\u00e0 c\u00f2n l\u00e0 n\u01a1i g\u1eafn k\u1ebft nh\u1eefng t\u00e2m h\u1ed3n y\u00eau s\u1ef1 x\u00ea d\u1ecbch, th\u00edch s\u1ef1 kh\u00e1c bi\u1ec7t v\u00e0 kh\u00f4ng ng\u1ea1i th\u1ec3 hi\u1ec7n &#8220;ch\u1ea5t&#8221; ri\u00eang.<\/p>\n\n\n\n<h3 class=\"wp-block-heading\"> C\u00e2u chuy\u1ec7n c\u1ee7a ch\u00fang t\u00f4i<\/h3>\n\n\n\n<p>Ch\u00fang t\u00f4i tin r\u1eb1ng, m\u1ed9t chi\u1ebfc m\u0169 (n\u00f3n) t\u1eeb l\u00e2u \u0111\u00e3 v\u01b0\u1ee3t ra kh\u1ecfi gi\u1edbi h\u1ea1n c\u1ee7a m\u1ed9t v\u1eadt d\u1ee5ng che n\u1eafng m\u01b0a th\u00f4ng th\u01b0\u1eddng. N\u00f3 l\u00e0 \u0111i\u1ec3m nh\u1ea5n cu\u1ed1i c\u00f9ng ho\u00e0n thi\u1ec7n m\u1ed9t b\u1ed9 trang ph\u1ee5c, l\u00e0 &#8220;tuy\u00ean ng\u00f4n&#8221; kh\u00f4ng l\u1eddi v\u1ec1 c\u00e1 t\u00ednh, t\u00e2m tr\u1ea1ng v\u00e0 gu th\u1ea9m m\u1ef9 c\u1ee7a ng\u01b0\u1eddi \u0111\u1ed9i.<\/p>\n\n\n\n<p>T\u1ea1i HATIN, m\u1ed7i thi\u1ebft k\u1ebf \u0111\u1ec1u \u0111\u01b0\u1ee3c l\u1ea5y c\u1ea3m h\u1ee9ng t\u1eeb nh\u1ecbp s\u1ed1ng n\u0103ng \u0111\u1ed9ng: t\u1eeb nh\u1eefng g\u00f3c ph\u1ed1 nh\u1ed9n nh\u1ecbp, nh\u1eefng chuy\u1ebfn \u0111i d\u00e3 ngo\u1ea1i xa x\u00f4i, cho \u0111\u1ebfn nh\u1eefng tr\u00e0o l\u01b0u v\u0103n h\u00f3a ngh\u1ec7 thu\u1eadt \u0111\u01b0\u01a1ng \u0111\u1ea1i.<\/p>\n\n\n\n<h3 class=\"wp-block-heading\">\u0110i\u1ec1u g\u00ec l\u00e0m n\u00ean s\u1ef1 kh\u00e1c bi\u1ec7t c\u1ee7a HATIN?<\/h3>\n\n\n\n<ul class=\"wp-block-list\">\n<li><strong>Thi\u1ebft k\u1ebf \u0111\u1ed9c quy\u1ec1n &amp; B\u1eaft k\u1ecbp xu h\u01b0\u1edbng:<\/strong> T\u1eeb nh\u1eefng m\u1eabu m\u0169 logo basic thanh l\u1ecbch, m\u0169 th\u00eau h\u1ecda ti\u1ebft ng\u00f4i sao c\u00e1 t\u00ednh, cho \u0111\u1ebfn nh\u1eefng chi\u1ebfc 5-panel mang \u0111\u1eadm tinh th\u1ea7n c\u1eafm tr\u1ea1i (camping\/outdoor). HATIN lu\u00f4n c\u00f3 m\u1ed9t chi\u1ebfc m\u0169 \u0111\u1ea1i di\u1ec7n cho \u0111\u00fang con ng\u01b0\u1eddi b\u1ea1n.<\/li>\n\n\n\n<li><strong>Ch\u1ea5t l\u01b0\u1ee3ng trong t\u1eebng \u0111\u01b0\u1eddng kim m\u0169i ch\u1ec9:<\/strong> Ch\u00fang t\u00f4i l\u1ef1a ch\u1ecdn k\u1ef9 l\u01b0\u1ee1ng c\u00e1c ch\u1ea5t li\u1ec7u cao c\u1ea5p (kaki d\u00e0y d\u1eb7n, nhung t\u0103m vintage&#8230;) c\u00f9ng form d\u00e1ng chu\u1ea9n ch\u1ec9nh, \u0111\u1ea3m b\u1ea3o m\u0169 l\u00ean form c\u1ee9ng c\u00e1p, \u00f4m v\u1eeba v\u1eb7n v\u00e0 mang l\u1ea1i s\u1ef1 tho\u1ea3i m\u00e1i t\u1ed1i \u0111a su\u1ed1t ng\u00e0y d\u00e0i.<\/li>\n\n\n\n<li><strong>Gi\u00e1 tr\u1ecb th\u1eadt cho ng\u01b0\u1eddi d\u00f9ng:<\/strong> HATIN cam k\u1ebft mang \u0111\u1ebfn nh\u1eefng s\u1ea3n ph\u1ea9m ch\u1ea5t l\u01b0\u1ee3ng cao v\u1edbi m\u1ee9c gi\u00e1 v\u00f4 c\u00f9ng h\u1ee3p l\u00fd, \u0111i k\u00e8m v\u1edbi nh\u1eefng ch\u01b0\u01a1ng tr\u00ecnh khuy\u1ebfn m\u00e3i h\u1ea5p d\u1eabn \u0111\u1ec3 ai c\u0169ng c\u00f3 th\u1ec3 s\u1edf h\u1eefu m\u00f3n \u0111\u1ed3 m\u00ecnh y\u00eau th\u00edch.<\/li>\n<\/ul>\n\n\n\n<h3 class=\"wp-block-heading\">S\u1ee9 m\u1ec7nh c\u1ee7a ch\u00fang t\u00f4i<\/h3>\n\n\n\n<p>S\u1ee9 m\u1ec7nh c\u1ee7a HATIN l\u00e0 tr\u1edf th\u00e0nh ng\u01b0\u1eddi b\u1ea1n \u0111\u1ed3ng h\u00e0nh tin c\u1eady tr\u00ean m\u1ecdi h\u00e0nh tr\u00ecnh c\u1ee7a b\u1ea1n. D\u00f9 b\u1ea1n \u0111ang d\u1ea1o ph\u1ed1 c\u00f9ng b\u1ea1n b\u00e8, tr\u01b0\u1ee3t v\u00e1n \u1edf c\u00f4ng vi\u00ean, hay \u0111ang tr\u00ean \u0111\u01b0\u1eddng chinh ph\u1ee5c nh\u1eefng v\u00f9ng \u0111\u1ea5t m\u1edbi, HATIN s\u1ebd lu\u00f4n \u1edf \u0111\u00f3, gi\u00fap b\u1ea1n t\u1ef1 tin t\u1ecfa s\u00e1ng v\u1edbi phi\u00ean b\u1ea3n tuy\u1ec7t v\u1eddi nh\u1ea5t c\u1ee7a ch\u00ednh m\u00ecnh.<\/p>\n\n\n\n<p><strong>\u0110\u1eebng ch\u1ec9 \u0111\u1ed9i m\u1ed9t chi\u1ebfc m\u0169, h\u00e3y \u0111\u1ed9i s\u1ef1 t\u1ef1 tin!<\/strong><\/p>\n\n\n\n<p>C\u1ea3m \u01a1n b\u1ea1n \u0111\u00e3 l\u1ef1a ch\u1ecdn v\u00e0 \u0111\u1ed3ng h\u00e0nh c\u00f9ng HATIN. H\u00e3y c\u00f9ng ch\u00fang t\u00f4i kh\u00e1m ph\u00e1 b\u1ed9 s\u01b0u t\u1eadp m\u1edbi nh\u1ea5t v\u00e0 ch\u1ecdn ngay cho m\u00ecnh m\u1ed9t &#8220;m\u1ea3nh gh\u00e9p&#8221; phong c\u00e1ch ho\u00e0n h\u1ea3o nh\u00e9!<\/p>\n","protected":false},"excerpt":{"rendered":"<p>Ch\u00e0o m\u1eebng b\u1ea1n \u0111\u1ebfn v\u1edbi HATIN! Kh\u1edfi ngu\u1ed3n t\u1eeb ni\u1ec1m \u0111am m\u00ea v\u1edbi th\u1eddi trang \u0111\u01b0\u1eddng ph\u1ed1 v\u00e0 kh\u00e1t khao mang \u0111\u1ebfn nh\u1eefng ph\u1ee5 ki\u1ec7n gi\u00fap ng\u01b0\u1eddi tr\u1ebb t\u1ef1 do b\u1ee9t ph\u00e1, HATIN ra \u0111\u1eddi kh\u00f4ng ch\u1ec9 nh\u01b0 m\u1ed9t th\u01b0\u01a1ng&#8230;<\/p>\n","protected":false},"author":1,"featured_media":0,"parent":0,"menu_order":0,"comment_status":"closed","ping_status":"closed","template":"","meta":{"footnotes":""},"class_list":["post-80","page","type-page","status-publish","hentry"],"yoast_head":"<!-- This site is optimized with the Yoast SEO plugin v27.1.1 - https:\/\/yoast.com\/product\/yoast-seo-wordpress\/ -->\n<title>Gi\u1edbi thi\u1ec7u - HATIN<\/title>\n<meta name=\"robots\" content=\"index, follow, max-snippet:-1, max-image-preview:large, max-video-preview:-1\" \/>\n<link rel=\"canonical\" href=\"https:\/\/hatn.io.vn\/?page_id=80\" \/>\n<meta property=\"og:locale\" content=\"vi_VN\" \/>\n<meta property=\"og:type\" content=\"article\" \/>\n<meta property=\"og:title\" content=\"Gi\u1edbi thi\u1ec7u - HATIN\" \/>\n<meta property=\"og:description\" content=\"Ch\u00e0o m\u1eebng b\u1ea1n \u0111\u1ebfn v\u1edbi HATIN! Kh\u1edfi ngu\u1ed3n t\u1eeb ni\u1ec1m \u0111am m\u00ea v\u1edbi th\u1eddi trang \u0111\u01b0\u1eddng ph\u1ed1 v\u00e0 kh\u00e1t khao mang \u0111\u1ebfn nh\u1eefng ph\u1ee5 ki\u1ec7n gi\u00fap ng\u01b0\u1eddi tr\u1ebb t\u1ef1 do b\u1ee9t ph\u00e1, HATIN ra \u0111\u1eddi kh\u00f4ng ch\u1ec9 nh\u01b0 m\u1ed9t th\u01b0\u01a1ng...\" \/>\n<meta property=\"og:url\" content=\"https:\/\/hatn.io.vn\/?page_id=80\" \/>\n<meta property=\"og:site_name\" content=\"HATIN\" \/>\n<meta property=\"article:modified_time\" content=\"2026-04-05T08:30:21+00:00\" \/>\n<meta property=\"og:image\" content=\"https:\/\/hatn.io.vn\/wp-content\/uploads\/2026\/04\/z7575147280868_22848757c698aab4bea057b9342ee80b.jpg\" \/>\n\t<meta property=\"og:image:width\" content=\"500\" \/>\n\t<meta property=\"og:image:height\" content=\"500\" \/>\n\t<meta property=\"og:image:type\" content=\"image\/jpeg\" \/>\n<meta name=\"twitter:card\" content=\"summary_large_image\" \/>\n<meta name=\"twitter:label1\" content=\"\u01af\u1edbc t\u00ednh th\u1eddi gian \u0111\u1ecdc\" \/>\n\t<meta name=\"twitter:data1\" content=\"3 ph\u00fat\" \/>\n<script type=\"application\/ld+json\" class=\"yoast-schema-graph\">{\"@context\":\"https:\/\/schema.org\",\"@graph\":[{\"@type\":\"WebPage\",\"@id\":\"https:\/\/hatn.io.vn\/?page_id=80\",\"url\":\"https:\/\/hatn.io.vn\/?page_id=80\",\"name\":\"Gi\u1edbi thi\u1ec7u - HATIN\",\"isPartOf\":{\"@id\":\"https:\/\/hatn.io.vn\/#website\"},\"primaryImageOfPage\":{\"@id\":\"https:\/\/hatn.io.vn\/?page_id=80#primaryimage\"},\"image\":{\"@id\":\"https:\/\/hatn.io.vn\/?page_id=80#primaryimage\"},\"thumbnailUrl\":\"https:\/\/hatn.io.vn\/wp-content\/uploads\/2026\/04\/z7575147280868_22848757c698aab4bea057b9342ee80b.jpg\",\"datePublished\":\"2026-04-05T08:30:20+00:00\",\"dateModified\":\"2026-04-05T08:30:21+00:00\",\"breadcrumb\":{\"@id\":\"https:\/\/hatn.io.vn\/?page_id=80#breadcrumb\"},\"inLanguage\":\"vi\",\"potentialAction\":[{\"@type\":\"ReadAction\",\"target\":[\"https:\/\/hatn.io.vn\/?page_id=80\"]}]},{\"@type\":\"ImageObject\",\"inLanguage\":\"vi\",\"@id\":\"https:\/\/hatn.io.vn\/?page_id=80#primaryimage\",\"url\":\"https:\/\/hatn.io.vn\/wp-content\/uploads\/2026\/04\/z7575147280868_22848757c698aab4bea057b9342ee80b.jpg\",\"contentUrl\":\"https:\/\/hatn.io.vn\/wp-content\/uploads\/2026\/04\/z7575147280868_22848757c698aab4bea057b9342ee80b.jpg\",\"width\":500,\"height\":500},{\"@type\":\"BreadcrumbList\",\"@id\":\"https:\/\/hatn.io.vn\/?page_id=80#breadcrumb\",\"itemListElement\":[{\"@type\":\"ListItem\",\"position\":1,\"name\":\"Trang ch\u1ee7\",\"item\":\"https:\/\/hatn.io.vn\/\"},{\"@type\":\"ListItem\",\"position\":2,\"name\":\"Gi\u1edbi thi\u1ec7u\"}]},{\"@type\":\"WebSite\",\"@id\":\"https:\/\/hatn.io.vn\/#website\",\"url\":\"https:\/\/hatn.io.vn\/\",\"name\":\"HATIN\",\"description\":\"\",\"publisher\":{\"@id\":\"https:\/\/hatn.io.vn\/#organization\"},\"potentialAction\":[{\"@type\":\"SearchAction\",\"target\":{\"@type\":\"EntryPoint\",\"urlTemplate\":\"https:\/\/hatn.io.vn\/?s={search_term_string}\"},\"query-input\":{\"@type\":\"PropertyValueSpecification\",\"valueRequired\":true,\"valueName\":\"search_term_string\"}}],\"inLanguage\":\"vi\"},{\"@type\":\"Organization\",\"@id\":\"https:\/\/hatn.io.vn\/#organization\",\"name\":\"HATIN\",\"url\":\"https:\/\/hatn.io.vn\/\",\"logo\":{\"@type\":\"ImageObject\",\"inLanguage\":\"vi\",\"@id\":\"https:\/\/hatn.io.vn\/#\/schema\/logo\/image\/\",\"url\":\"https:\/\/hatn.io.vn\/wp-content\/uploads\/2026\/03\/cropped-z7575147264327_ab9ad9b940b454488bdc7947629a18b3.jpg\",\"contentUrl\":\"https:\/\/hatn.io.vn\/wp-content\/uploads\/2026\/03\/cropped-z7575147264327_ab9ad9b940b454488bdc7947629a18b3.jpg\",\"width\":512,\"height\":512,\"caption\":\"HATIN\"},\"image\":{\"@id\":\"https:\/\/hatn.io.vn\/#\/schema\/logo\/image\/\"}}]}<\/script>\n<!-- \/ Yoast SEO plugin. -->","yoast_head_json":{"title":"Gi\u1edbi thi\u1ec7u - HATIN","robots":{"index":"index","follow":"follow","max-snippet":"max-snippet:-1","max-image-preview":"max-image-preview:large","max-video-preview":"max-video-preview:-1"},"canonical":"https:\/\/hatn.io.vn\/?page_id=80","og_locale":"vi_VN","og_type":"article","og_title":"Gi\u1edbi thi\u1ec7u - HATIN","og_description":"Ch\u00e0o m\u1eebng b\u1ea1n \u0111\u1ebfn v\u1edbi HATIN! Kh\u1edfi ngu\u1ed3n t\u1eeb ni\u1ec1m \u0111am m\u00ea v\u1edbi th\u1eddi trang \u0111\u01b0\u1eddng ph\u1ed1 v\u00e0 kh\u00e1t khao mang \u0111\u1ebfn nh\u1eefng ph\u1ee5 ki\u1ec7n gi\u00fap ng\u01b0\u1eddi tr\u1ebb t\u1ef1 do b\u1ee9t ph\u00e1, HATIN ra \u0111\u1eddi kh\u00f4ng ch\u1ec9 nh\u01b0 m\u1ed9t th\u01b0\u01a1ng...","og_url":"https:\/\/hatn.io.vn\/?page_id=80","og_site_name":"HATIN","article_modified_time":"2026-04-05T08:30:21+00:00","og_image":[{"width":500,"height":500,"url":"https:\/\/hatn.io.vn\/wp-content\/uploads\/2026\/04\/z7575147280868_22848757c698aab4bea057b9342ee80b.jpg","type":"image\/jpeg"}],"twitter_card":"summary_large_image","twitter_misc":{"\u01af\u1edbc t\u00ednh th\u1eddi gian \u0111\u1ecdc":"3 ph\u00fat"},"schema":{"@context":"https:\/\/schema.org","@graph":[{"@type":"WebPage","@id":"https:\/\/hatn.io.vn\/?page_id=80","url":"https:\/\/hatn.io.vn\/?page_id=80","name":"Gi\u1edbi thi\u1ec7u - HATIN","isPartOf":{"@id":"https:\/\/hatn.io.vn\/#website"},"primaryImageOfPage":{"@id":"https:\/\/hatn.io.vn\/?page_id=80#primaryimage"},"image":{"@id":"https:\/\/hatn.io.vn\/?page_id=80#primaryimage"},"thumbnailUrl":"https:\/\/hatn.io.vn\/wp-content\/uploads\/2026\/04\/z7575147280868_22848757c698aab4bea057b9342ee80b.jpg","datePublished":"2026-04-05T08:30:20+00:00","dateModified":"2026-04-05T08:30:21+00:00","breadcrumb":{"@id":"https:\/\/hatn.io.vn\/?page_id=80#breadcrumb"},"inLanguage":"vi","potentialAction":[{"@type":"ReadAction","target":["https:\/\/hatn.io.vn\/?page_id=80"]}]},{"@type":"ImageObject","inLanguage":"vi","@id":"https:\/\/hatn.io.vn\/?page_id=80#primaryimage","url":"https:\/\/hatn.io.vn\/wp-content\/uploads\/2026\/04\/z7575147280868_22848757c698aab4bea057b9342ee80b.jpg","contentUrl":"https:\/\/hatn.io.vn\/wp-content\/uploads\/2026\/04\/z7575147280868_22848757c698aab4bea057b9342ee80b.jpg","width":500,"height":500},{"@type":"BreadcrumbList","@id":"https:\/\/hatn.io.vn\/?page_id=80#breadcrumb","itemListElement":[{"@type":"ListItem","position":1,"name":"Trang ch\u1ee7","item":"https:\/\/hatn.io.vn\/"},{"@type":"ListItem","position":2,"name":"Gi\u1edbi thi\u1ec7u"}]},{"@type":"WebSite","@id":"https:\/\/hatn.io.vn\/#website","url":"https:\/\/hatn.io.vn\/","name":"HATIN","description":"","publisher":{"@id":"https:\/\/hatn.io.vn\/#organization"},"potentialAction":[{"@type":"SearchAction","target":{"@type":"EntryPoint","urlTemplate":"https:\/\/hatn.io.vn\/?s={search_term_string}"},"query-input":{"@type":"PropertyValueSpecification","valueRequired":true,"valueName":"search_term_string"}}],"inLanguage":"vi"},{"@type":"Organization","@id":"https:\/\/hatn.io.vn\/#organization","name":"HATIN","url":"https:\/\/hatn.io.vn\/","logo":{"@type":"ImageObject","inLanguage":"vi","@id":"https:\/\/hatn.io.vn\/#\/schema\/logo\/image\/","url":"https:\/\/hatn.io.vn\/wp-content\/uploads\/2026\/03\/cropped-z7575147264327_ab9ad9b940b454488bdc7947629a18b3.jpg","contentUrl":"https:\/\/hatn.io.vn\/wp-content\/uploads\/2026\/03\/cropped-z7575147264327_ab9ad9b940b454488bdc7947629a18b3.jpg","width":512,"height":512,"caption":"HATIN"},"image":{"@id":"https:\/\/hatn.io.vn\/#\/schema\/logo\/image\/"}}]}},"_links":{"self":[{"href":"https:\/\/hatn.io.vn\/index.php?rest_route=\/wp\/v2\/pages\/80","targetHints":{"allow":["GET"]}}],"collection":[{"href":"https:\/\/hatn.io.vn\/index.php?rest_route=\/wp\/v2\/pages"}],"about":[{"href":"https:\/\/hatn.io.vn\/index.php?rest_route=\/wp\/v2\/types\/page"}],"author":[{"embeddable":true,"href":"https:\/\/hatn.io.vn\/index.php?rest_route=\/wp\/v2\/users\/1"}],"replies":[{"embeddable":true,"href":"https:\/\/hatn.io.vn\/index.php?rest_route=%2Fwp%2Fv2%2Fcomments&post=80"}],"version-history":[{"count":1,"href":"https:\/\/hatn.io.vn\/index.php?rest_route=\/wp\/v2\/pages\/80\/revisions"}],"predecessor-version":[{"id":82,"href":"https:\/\/hatn.io.vn\/index.php?rest_route=\/wp\/v2\/pages\/80\/revisions\/82"}],"wp:attachment":[{"href":"https:\/\/hatn.io.vn\/index.php?rest_route=%2Fwp%2Fv2%2Fmedia&parent=80"}],"curies":[{"name":"wp","href":"https:\/\/api.w.org\/{rel}","templated":true}]}}